{"id":5584,"date":"2017-11-16T18:15:49","date_gmt":"2017-11-16T18:15:49","guid":{"rendered":"http:\/\/kaymar.ca\/about\/"},"modified":"2025-05-08T20:26:51","modified_gmt":"2025-05-08T20:26:51","slug":"about","status":"publish","type":"page","link":"https:\/\/kaymar.ca\/fr\/about\/","title":{"rendered":"\u00c0 propos"},"content":{"rendered":"\n<style type=\"text\/css\" data-created_by=\"avia_inline_auto\" id=\"style-css-av-33i1l8-f1cf08b38e580c7a96ed40c6de7d8104\">\n.avia-section.av-33i1l8-f1cf08b38e580c7a96ed40c6de7d8104{\nbackground-repeat:no-repeat;\nbackground-image:url(https:\/\/kaymar.ca\/wp-content\/uploads\/2017\/12\/stock-photo-close-up-of-young-nurse-holding-her-older-patient-s-hand-593964854-1030x317.jpg);\nbackground-position:0% 50%;\nbackground-attachment:scroll;\n}\n.avia-section.av-33i1l8-f1cf08b38e580c7a96ed40c6de7d8104 .av-section-color-overlay{\nopacity:0.8;\nbackground-color:#8296ca;\nbackground-image:url(https:\/\/kaymar.ca\/wp-content\/themes\/enfold\/images\/background-images\/diagonal-thin-light.png);\nbackground-repeat:repeat;\n}\n<\/style>\n<div id='av_section_1'  class='avia-section av-33i1l8-f1cf08b38e580c7a96ed40c6de7d8104 main_color avia-section-default avia-no-border-styling  avia-builder-el-0  el_before_av_section  avia-builder-el-first  avia-full-stretch avia-bg-style-scroll av-section-color-overlay-active av-minimum-height av-minimum-height-50 av-height-50  container_wrap fullsize'  data-section-bg-repeat='stretch' data-av_minimum_height_pc='50' data-av_min_height_opt='50'><div class=\"av-section-color-overlay-wrap\"><div class=\"av-section-color-overlay\"><\/div><div class='container av-section-cont-open' ><main  role=\"main\" itemprop=\"mainContentOfPage\"  class='template-page content  av-content-full alpha units'><div class='post-entry post-entry-type-page post-entry-5584'><div class='entry-content-wrapper clearfix'>\n<div class='flex_column_table av-10rho-50b94f88f2b1d6dc03eba21e4003d5dc sc-av_one_full av-equal-height-column-flextable'>\n<style type=\"text\/css\" data-created_by=\"avia_inline_auto\" id=\"style-css-av-10rho-50b94f88f2b1d6dc03eba21e4003d5dc\">\n.flex_column.av-10rho-50b94f88f2b1d6dc03eba21e4003d5dc{\nborder-radius:0px 0px 0px 0px;\npadding:0px 0px 0px 0px;\n}\n<\/style>\n<div  class='flex_column av-10rho-50b94f88f2b1d6dc03eba21e4003d5dc av_one_full  avia-builder-el-1  avia-builder-el-no-sibling  first flex_column_table_cell av-equal-height-column av-align-middle av-zero-column-padding  '     ><style type=\"text\/css\" data-created_by=\"avia_inline_auto\" id=\"style-css-av-lwi9b95t-e71e03986786eda61e56979a39ba9eed\">\n#top .av-special-heading.av-lwi9b95t-e71e03986786eda61e56979a39ba9eed{\npadding-bottom:10px;\ncolor:#ffffff;\n}\nbody .av-special-heading.av-lwi9b95t-e71e03986786eda61e56979a39ba9eed .av-special-heading-tag .heading-char{\nfont-size:25px;\n}\n.av-special-heading.av-lwi9b95t-e71e03986786eda61e56979a39ba9eed .special-heading-inner-border{\nborder-color:#ffffff;\n}\n.av-special-heading.av-lwi9b95t-e71e03986786eda61e56979a39ba9eed .av-subheading{\nfont-size:15px;\n}\n<\/style>\n<div  class='av-special-heading av-lwi9b95t-e71e03986786eda61e56979a39ba9eed av-special-heading-h1 custom-color-heading blockquote modern-quote modern-centered  avia-builder-el-2  avia-builder-el-no-sibling '><h1 class='av-special-heading-tag '  itemprop=\"headline\"  >\u00c0 propos de nous<\/h1><div class=\"special-heading-border\"><div class=\"special-heading-inner-border\"><\/div><\/div><\/div><\/div><\/div><!--close column table wrapper. Autoclose: 1 -->\n\n<\/div><\/div><\/main><!-- close content main element --><\/div><\/div><\/div>\n<style type=\"text\/css\" data-created_by=\"avia_inline_auto\" id=\"style-css-av-24l3l8-b9c44097e637a7ba71cd03b3e14525dd\">\n.avia-section.av-24l3l8-b9c44097e637a7ba71cd03b3e14525dd{\nbackground-color:#ffffff;\nbackground-image:unset;\n}\n<\/style>\n<div id='story-and-values'  class='avia-section av-24l3l8-b9c44097e637a7ba71cd03b3e14525dd main_color avia-section-huge avia-no-shadow  avia-builder-el-3  el_after_av_section  el_before_av_section  avia-bg-style-scroll container_wrap fullsize'  ><div class='container av-section-cont-open' ><div class='template-page content  av-content-full alpha units'><div class='post-entry post-entry-type-page post-entry-5584'><div class='entry-content-wrapper clearfix'>\n\n<style type=\"text\/css\" data-created_by=\"avia_inline_auto\" id=\"style-css-av-1vf69w-757420eefcad178ae9ccec5fa955ecb2\">\n.flex_column.av-1vf69w-757420eefcad178ae9ccec5fa955ecb2{\nborder-radius:0px 0px 0px 0px;\npadding:0px 0px 0px 0px;\n}\n<\/style>\n<div  class='flex_column av-1vf69w-757420eefcad178ae9ccec5fa955ecb2 av_one_half  avia-builder-el-4  el_before_av_one_half  avia-builder-el-first  first flex_column_div av-zero-column-padding  '     ><section  class='av_textblock_section av-1rdt90-36cc03754e6457e979bd6bab701a0af8 '   itemscope=\"itemscope\" itemtype=\"https:\/\/schema.org\/CreativeWork\" ><div class='avia_textblock'  itemprop=\"text\" ><h2>NOTRE HISTOIRE\u2026<\/h2>\n<\/div><\/section><br \/>\n<section  class='av_textblock_section av-1ncphg-6fc836813f51b8fb67d1b4a7f6aab4de '   itemscope=\"itemscope\" itemtype=\"https:\/\/schema.org\/CreativeWork\" ><div class='avia_textblock'  itemprop=\"text\" ><p>Kaymar Rehabilitation (Kaymar) est un prestataire de services de th\u00e9rapie qui offre des services d\u2019ergoth\u00e9rapie, de physioth\u00e9rapie, d\u2019orthophonie, de nutrition et de travail social aux patients de Sant\u00e9 \u00e0 domicile Ontario. Kaymar offre des services aux patients dans leur lieu de r\u00e9sidence et aux enfants dans leur milieu scolaire dans la langue officielle de leur choix.<\/p>\n<p>Kaymar est un prestataire contractuel de Sant\u00e9 \u00e0 domicile Ontario \u00e0 Kingston et dans les environs depuis 2003.<\/p>\n<p>Kaymar dispose d\u2019une grande \u00e9quipe de professionnels multidisciplinaires d\u00e9vou\u00e9s qui s\u2019efforcent de soutenir les personnes et les familles touch\u00e9es par des maladies invalidantes et des probl\u00e8mes de sant\u00e9. Ces professionnels de la r\u00e9adaptation aident \u00e0 r\u00e9tablir et \u00e0 am\u00e9liorer la capacit\u00e9 des gens \u00e0 vivre, \u00e0 apprendre, \u00e0 travailler et \u00e0 fonctionner au mieux de leurs capacit\u00e9s dans leur communaut\u00e9.<\/p>\n<p>En 2023, Kaymar a obtenu l&rsquo;accr\u00e9ditation avec mention \u00e9logieuse d&rsquo;Agr\u00e9ment Canada. Kaymar est accr\u00e9dit\u00e9 par Agr\u00e9ment Canada depuis mars 2015.<\/p>\n<\/div><\/section><br \/>\n\n<style type=\"text\/css\" data-created_by=\"avia_inline_auto\" id=\"style-css-av-1e6qmk-3cbab61ec7c10851bf28087659e55fa3\">\n.avia-image-container.av-1e6qmk-3cbab61ec7c10851bf28087659e55fa3 img.avia_image{\nbox-shadow:none;\n}\n.avia-image-container.av-1e6qmk-3cbab61ec7c10851bf28087659e55fa3 .av-image-caption-overlay-center{\ncolor:#ffffff;\n}\n<\/style>\n<div  class='avia-image-container av-1e6qmk-3cbab61ec7c10851bf28087659e55fa3 av-styling- avia-align-center  avia-builder-el-7  el_after_av_textblock  avia-builder-el-last '   itemprop=\"image\" itemscope=\"itemscope\" itemtype=\"https:\/\/schema.org\/ImageObject\" ><div class=\"avia-image-container-inner\"><div class=\"avia-image-overlay-wrap\"><img decoding=\"async\" fetchpriority=\"high\" class='wp-image- avia-img-lazy-loading-not- avia_image ' src=\"http:\/\/kaymar.ca\/wp-content\/uploads\/2019\/04\/ACSealA-295x300.jpg\" alt='' title=''   itemprop=\"thumbnailUrl\"  \/><\/div><\/div><\/div><\/p><\/div>\n<style type=\"text\/css\" data-created_by=\"avia_inline_auto\" id=\"style-css-av-18304s-86344975a75a4767bba63bbb701b5bb5\">\n.flex_column.av-18304s-86344975a75a4767bba63bbb701b5bb5{\nborder-radius:0px 0px 0px 0px;\npadding:0px 0px 0px 0px;\n}\n<\/style>\n<div  class='flex_column av-18304s-86344975a75a4767bba63bbb701b5bb5 av_one_half  avia-builder-el-8  el_after_av_one_half  avia-builder-el-last  flex_column_div av-zero-column-padding  '     ><section  class='av_textblock_section av-11e1r0-239036b195cc96d47d2c10ecede616e4 '   itemscope=\"itemscope\" itemtype=\"https:\/\/schema.org\/CreativeWork\" ><div class='avia_textblock'  itemprop=\"text\" ><h2>NOS VALEURS\u2026<\/h2>\n<\/div><\/section><br \/>\n<section  class='av_textblock_section av-yrmtw-ef25063edf20d66d34d9c45424aa5d7a '   itemscope=\"itemscope\" itemtype=\"https:\/\/schema.org\/CreativeWork\" ><div class='avia_textblock'  itemprop=\"text\" ><div class=\"page\" title=\"Page 14\">\n<div class=\"layoutArea\">\n<div class=\"column\">\n<p>Gr\u00e2ce \u00e0 des services de r\u00e9adaptation de haute qualit\u00e9, opportuns et ax\u00e9s sur les objectifs, qui sont adapt\u00e9s aux besoins du patient et d\u00e9termin\u00e9s par ceux-ci, nous fournissons des services fond\u00e9s sur la s\u00e9curit\u00e9, le respect, la transparence et la confidentialit\u00e9.<\/p>\n<p>Nos soins aux patients seront :<\/p>\n<ul>\n<li>Ax\u00e9s sur le patient<\/li>\n<li>Ax\u00e9s sur la s\u00e9curit\u00e9 des patients<\/li>\n<li>Collaboratifs<\/li>\n<li>Ax\u00e9s sur les meilleures pratiques<\/li>\n<li>Int\u00e9gr\u00e9s<\/li>\n<li>Inclusifs<\/li>\n<li>Cr\u00e9atifs<\/li>\n<\/ul>\n<p>Notre engagement envers le personnel consiste \u00e0 :<\/p>\n<ul>\n<li>Offrir un environnement et une culture de travail s\u00fbrs et sains, exempts de tout reproche<\/li>\n<li>Offrir un environnement propice \u00e0 l&rsquo;apprentissage<\/li>\n<li>Offrir un environnement de soutien et d&rsquo;entraide<\/li>\n<\/ul>\n<\/div>\n<\/div>\n<\/div>\n<\/div><\/section><\/p><\/div><\/div><\/div><\/div><!-- close content main div --><\/div><\/div><div id='mission'  class='avia-section av-scytg-eeb288a537579bba99f45bbc28b1733a main_color avia-section-huge avia-no-shadow  avia-builder-el-11  el_after_av_section  el_before_av_section  avia-bg-style-scroll container_wrap fullsize'  ><div class='container av-section-cont-open' ><div class='template-page content  av-content-full alpha units'><div class='post-entry post-entry-type-page post-entry-5584'><div class='entry-content-wrapper clearfix'>\n<section  class='av_textblock_section av-itmh8-996cfc1d46e60ea336f4f8c2ecfdc71d '   itemscope=\"itemscope\" itemtype=\"https:\/\/schema.org\/CreativeWork\" ><div class='avia_textblock'  itemprop=\"text\" ><h2 style=\"text-align: center;\">NOTRE MISSION<\/h2>\n<\/div><\/section>\n\n<style type=\"text\/css\" data-created_by=\"avia_inline_auto\" id=\"style-css-av-1d5h8-0fd09d2d87085d0f08861cad7278d4fa\">\n#top .hr.av-1d5h8-0fd09d2d87085d0f08861cad7278d4fa{\nmargin-top:30px;\nmargin-bottom:30px;\n}\n.hr.av-1d5h8-0fd09d2d87085d0f08861cad7278d4fa .hr-inner{\nwidth:50px;\n}\n<\/style>\n<div  class='hr av-1d5h8-0fd09d2d87085d0f08861cad7278d4fa hr-custom  avia-builder-el-13  el_after_av_textblock  el_before_av_textblock  hr-center hr-icon-no'><span class='hr-inner inner-border-av-border-thin'><span class=\"hr-inner-style\"><\/span><\/span><\/div>\n<section  class='av_textblock_section av-85lms-d13b78cb525df18a872ca13492c2bb20 '   itemscope=\"itemscope\" itemtype=\"https:\/\/schema.org\/CreativeWork\" ><div class='avia_textblock'  itemprop=\"text\" ><p>Optimiser la capacit\u00e9 des personnes confront\u00e9es \u00e0 des difficult\u00e9s li\u00e9es \u00e0 la r\u00e9adaptation \u00e0 bien vivre au sein de leur communaut\u00e9.<\/p>\n<p>Nous nous effor\u00e7ons de :<\/p>\n<ul>\n<li>Faire des principes de soins centr\u00e9s sur le patient et fond\u00e9s sur les meilleures pratiques, le principal moteur de nos services<\/li>\n<li>Disposer d&rsquo;un cadre \u00e9thique solide qui guide tous les aspects des services que nous fournissons<\/li>\n<li>Fournir des informations et des communications dans des formats accessibles aux patients et au public<\/li>\n<li>\u00catre collaboratif et inclusive<\/li>\n<li>Am\u00e9liorer les fonctions<\/li>\n<li>Am\u00e9liorer la qualit\u00e9 de vie<\/li>\n<li>R\u00e9tablir l\u2019espoir<\/li>\n<\/ul>\n<\/div><\/section>\n<\/p>\n<\/div><\/div><\/div><!-- close content main div --><\/div><\/div><div id='patient-handbook'  class='avia-section av-scytg-3-e0b365a39c029226a321d4f9e8480614 main_color avia-section-huge avia-no-shadow  avia-builder-el-15  el_after_av_section  el_before_av_section  avia-bg-style-scroll container_wrap fullsize'  ><div class='container av-section-cont-open' ><div class='template-page content  av-content-full alpha units'><div class='post-entry post-entry-type-page post-entry-5584'><div class='entry-content-wrapper clearfix'>\n<section  class='av_textblock_section av-itmh8-2-05b97fea80282888490038d686aaf973 '   itemscope=\"itemscope\" itemtype=\"https:\/\/schema.org\/CreativeWork\" ><div class='avia_textblock'  itemprop=\"text\" ><h2 style=\"text-align: center;\"><a href=\"https:\/\/kaymar.ca\/wp-content\/uploads\/2025\/05\/Manuel-du-Patient-de-Kaymar-Rehabilitation.pdf\">Manuel du Patient de Kaymar R\u00e9habilitation<\/a><\/h2>\n<\/div><\/section>\n\n<\/div><\/div><\/div><!-- close content main div --><\/div><\/div><div id='patient-handbook'  class='avia-section av-scytg-1-9ac03337e306f3f126a7d53b452b3eaa main_color avia-section-huge avia-no-shadow  avia-builder-el-17  el_after_av_section  avia-builder-el-last  avia-bg-style-scroll container_wrap fullsize'  ><div class='container av-section-cont-open' ><div class='template-page content  av-content-full alpha units'><div class='post-entry post-entry-type-page post-entry-5584'><div class='entry-content-wrapper clearfix'>\n\n<style type=\"text\/css\" data-created_by=\"avia_inline_auto\" id=\"style-css-av-lhp6j609-759b0ef27ff08c518cf140a4e9b34c46\">\n.avia-image-container.av-lhp6j609-759b0ef27ff08c518cf140a4e9b34c46 img.avia_image{\nbox-shadow:none;\n}\n.avia-image-container.av-lhp6j609-759b0ef27ff08c518cf140a4e9b34c46 .av-image-caption-overlay-center{\ncolor:#ffffff;\n}\n<\/style>\n<div  class='avia-image-container av-lhp6j609-759b0ef27ff08c518cf140a4e9b34c46 av-styling- avia-align-center  avia-builder-el-18  el_before_av_textblock  avia-builder-el-first '   itemprop=\"image\" itemscope=\"itemscope\" itemtype=\"https:\/\/schema.org\/ImageObject\" ><div class=\"avia-image-container-inner\"><div class=\"avia-image-overlay-wrap\"><img decoding=\"async\" fetchpriority=\"high\" class='wp-image-5001 avia-img-lazy-loading-not-5001 avia_image ' src=\"https:\/\/kaymar.ca\/wp-content\/uploads\/2023\/05\/ACSealAwC-295x300.jpg\" alt='' title='ACSealAwC'  height=\"300\" width=\"295\"  itemprop=\"thumbnailUrl\" srcset=\"https:\/\/kaymar.ca\/wp-content\/uploads\/2023\/05\/ACSealAwC-295x300.jpg 295w, https:\/\/kaymar.ca\/wp-content\/uploads\/2023\/05\/ACSealAwC-80x80.jpg 80w, https:\/\/kaymar.ca\/wp-content\/uploads\/2023\/05\/ACSealAwC-768x782.jpg 768w, https:\/\/kaymar.ca\/wp-content\/uploads\/2023\/05\/ACSealAwC-1012x1030.jpg 1012w, https:\/\/kaymar.ca\/wp-content\/uploads\/2023\/05\/ACSealAwC-36x36.jpg 36w, https:\/\/kaymar.ca\/wp-content\/uploads\/2023\/05\/ACSealAwC-1473x1500.jpg 1473w, https:\/\/kaymar.ca\/wp-content\/uploads\/2023\/05\/ACSealAwC-692x705.jpg 692w, https:\/\/kaymar.ca\/wp-content\/uploads\/2023\/05\/ACSealAwC.jpg 1602w\" sizes=\"(max-width: 295px) 100vw, 295px\" \/><\/div><\/div><\/div>\n<section  class='av_textblock_section av-lhp6i7hf-4b5e1b6635c2de284ac31f77713da8ba '   itemscope=\"itemscope\" itemtype=\"https:\/\/schema.org\/CreativeWork\" ><div class='avia_textblock'  itemprop=\"text\" ><p style=\"text-align: center;\">Kaymar est accr\u00e9dit\u00e9 par Agr\u00e9ment Canada depuis mars 2015. En avril 2023, Kaymar a obtenu le statut d&rsquo;accr\u00e9ditation avec mention aupr\u00e8s d&rsquo;Agr\u00e9ment Canada.<\/p>\n<\/div><\/section>\n\n","protected":false},"excerpt":{"rendered":"","protected":false},"author":1,"featured_media":0,"parent":0,"menu_order":2,"comment_status":"closed","ping_status":"closed","template":"","meta":{"footnotes":""},"class_list":["post-5584","page","type-page","status-publish","hentry"],"yoast_head":"<!-- This site is optimized with the Yoast SEO plugin v26.0 - https:\/\/yoast.com\/wordpress\/plugins\/seo\/ -->\n<title>\u00c0 propos - Kaymar Rehabilitation<\/title>\n<meta name=\"robots\" content=\"index, follow, max-snippet:-1, max-image-preview:large, max-video-preview:-1\" \/>\n<link rel=\"canonical\" href=\"https:\/\/kaymar.ca\/fr\/about\/\" \/>\n<meta property=\"og:locale\" content=\"fr_FR\" \/>\n<meta property=\"og:type\" content=\"article\" \/>\n<meta property=\"og:title\" content=\"\u00c0 propos - Kaymar Rehabilitation\" \/>\n<meta property=\"og:url\" content=\"https:\/\/kaymar.ca\/fr\/about\/\" \/>\n<meta property=\"og:site_name\" content=\"Kaymar Rehabilitation\" \/>\n<meta property=\"article:modified_time\" content=\"2025-05-08T20:26:51+00:00\" \/>\n<meta name=\"twitter:card\" content=\"summary_large_image\" \/>\n<meta name=\"twitter:label1\" content=\"Dur\u00e9e de lecture estim\u00e9e\" \/>\n\t<meta name=\"twitter:data1\" content=\"3 minutes\" \/>\n<script type=\"application\/ld+json\" class=\"yoast-schema-graph\">{\"@context\":\"https:\/\/schema.org\",\"@graph\":[{\"@type\":\"WebPage\",\"@id\":\"https:\/\/kaymar.ca\/fr\/about\/\",\"url\":\"https:\/\/kaymar.ca\/fr\/about\/\",\"name\":\"\u00c0 propos - Kaymar Rehabilitation\",\"isPartOf\":{\"@id\":\"https:\/\/kaymar.ca\/#website\"},\"datePublished\":\"2017-11-16T18:15:49+00:00\",\"dateModified\":\"2025-05-08T20:26:51+00:00\",\"breadcrumb\":{\"@id\":\"https:\/\/kaymar.ca\/fr\/about\/#breadcrumb\"},\"inLanguage\":\"fr-FR\",\"potentialAction\":[{\"@type\":\"ReadAction\",\"target\":[\"https:\/\/kaymar.ca\/fr\/about\/\"]}]},{\"@type\":\"BreadcrumbList\",\"@id\":\"https:\/\/kaymar.ca\/fr\/about\/#breadcrumb\",\"itemListElement\":[{\"@type\":\"ListItem\",\"position\":1,\"name\":\"Home\",\"item\":\"https:\/\/kaymar.ca\/fr\/\"},{\"@type\":\"ListItem\",\"position\":2,\"name\":\"\u00c0 propos\"}]},{\"@type\":\"WebSite\",\"@id\":\"https:\/\/kaymar.ca\/#website\",\"url\":\"https:\/\/kaymar.ca\/\",\"name\":\"Kaymar Rehabilitation\",\"description\":\"Serving the greater Kingston area\",\"potentialAction\":[{\"@type\":\"SearchAction\",\"target\":{\"@type\":\"EntryPoint\",\"urlTemplate\":\"https:\/\/kaymar.ca\/?s={search_term_string}\"},\"query-input\":{\"@type\":\"PropertyValueSpecification\",\"valueRequired\":true,\"valueName\":\"search_term_string\"}}],\"inLanguage\":\"fr-FR\"}]}<\/script>\n<!-- \/ Yoast SEO plugin. -->","yoast_head_json":{"title":"\u00c0 propos - Kaymar Rehabilitation","robots":{"index":"index","follow":"follow","max-snippet":"max-snippet:-1","max-image-preview":"max-image-preview:large","max-video-preview":"max-video-preview:-1"},"canonical":"https:\/\/kaymar.ca\/fr\/about\/","og_locale":"fr_FR","og_type":"article","og_title":"\u00c0 propos - Kaymar Rehabilitation","og_url":"https:\/\/kaymar.ca\/fr\/about\/","og_site_name":"Kaymar Rehabilitation","article_modified_time":"2025-05-08T20:26:51+00:00","twitter_card":"summary_large_image","twitter_misc":{"Dur\u00e9e de lecture estim\u00e9e":"3 minutes"},"schema":{"@context":"https:\/\/schema.org","@graph":[{"@type":"WebPage","@id":"https:\/\/kaymar.ca\/fr\/about\/","url":"https:\/\/kaymar.ca\/fr\/about\/","name":"\u00c0 propos - Kaymar Rehabilitation","isPartOf":{"@id":"https:\/\/kaymar.ca\/#website"},"datePublished":"2017-11-16T18:15:49+00:00","dateModified":"2025-05-08T20:26:51+00:00","breadcrumb":{"@id":"https:\/\/kaymar.ca\/fr\/about\/#breadcrumb"},"inLanguage":"fr-FR","potentialAction":[{"@type":"ReadAction","target":["https:\/\/kaymar.ca\/fr\/about\/"]}]},{"@type":"BreadcrumbList","@id":"https:\/\/kaymar.ca\/fr\/about\/#breadcrumb","itemListElement":[{"@type":"ListItem","position":1,"name":"Home","item":"https:\/\/kaymar.ca\/fr\/"},{"@type":"ListItem","position":2,"name":"\u00c0 propos"}]},{"@type":"WebSite","@id":"https:\/\/kaymar.ca\/#website","url":"https:\/\/kaymar.ca\/","name":"Kaymar Rehabilitation","description":"Serving the greater Kingston area","potentialAction":[{"@type":"SearchAction","target":{"@type":"EntryPoint","urlTemplate":"https:\/\/kaymar.ca\/?s={search_term_string}"},"query-input":{"@type":"PropertyValueSpecification","valueRequired":true,"valueName":"search_term_string"}}],"inLanguage":"fr-FR"}]}},"_links":{"self":[{"href":"https:\/\/kaymar.ca\/fr\/wp-json\/wp\/v2\/pages\/5584","targetHints":{"allow":["GET"]}}],"collection":[{"href":"https:\/\/kaymar.ca\/fr\/wp-json\/wp\/v2\/pages"}],"about":[{"href":"https:\/\/kaymar.ca\/fr\/wp-json\/wp\/v2\/types\/page"}],"author":[{"embeddable":true,"href":"https:\/\/kaymar.ca\/fr\/wp-json\/wp\/v2\/users\/1"}],"replies":[{"embeddable":true,"href":"https:\/\/kaymar.ca\/fr\/wp-json\/wp\/v2\/comments?post=5584"}],"version-history":[{"count":3,"href":"https:\/\/kaymar.ca\/fr\/wp-json\/wp\/v2\/pages\/5584\/revisions"}],"predecessor-version":[{"id":5799,"href":"https:\/\/kaymar.ca\/fr\/wp-json\/wp\/v2\/pages\/5584\/revisions\/5799"}],"wp:attachment":[{"href":"https:\/\/kaymar.ca\/fr\/wp-json\/wp\/v2\/media?parent=5584"}],"curies":[{"name":"wp","href":"https:\/\/api.w.org\/{rel}","templated":true}]}}