{"id":5605,"date":"2017-12-14T16:56:13","date_gmt":"2017-12-14T16:56:13","guid":{"rendered":"http:\/\/kaymar.ca\/privacy-policy\/"},"modified":"2024-05-24T12:41:05","modified_gmt":"2024-05-24T12:41:05","slug":"privacy-policy","status":"publish","type":"page","link":"https:\/\/kaymar.ca\/fr\/privacy-policy\/","title":{"rendered":"Privacy Policy"},"content":{"rendered":"\n<style type=\"text\/css\" data-created_by=\"avia_inline_auto\" id=\"style-css-av-1f0k4r-153ee286f358a953e454565fdc3708b1\">\n.avia-section.av-1f0k4r-153ee286f358a953e454565fdc3708b1{\nbackground-repeat:no-repeat;\nbackground-image:url(https:\/\/kaymar.ca\/wp-content\/uploads\/2017\/12\/stock-photo-close-up-of-young-nurse-holding-her-older-patient-s-hand-593964854-1030x317.jpg);\nbackground-position:0% 50%;\nbackground-attachment:scroll;\n}\n.avia-section.av-1f0k4r-153ee286f358a953e454565fdc3708b1 .av-section-color-overlay{\nopacity:0.8;\nbackground-color:#8296ca;\nbackground-image:url(https:\/\/kaymar.ca\/wp-content\/themes\/enfold\/images\/background-images\/diagonal-thin-light.png);\nbackground-repeat:repeat;\n}\n<\/style>\n<div id='av_section_1'  class='avia-section av-1f0k4r-153ee286f358a953e454565fdc3708b1 main_color avia-section-default avia-no-border-styling  avia-builder-el-0  el_before_av_section  avia-builder-el-first  avia-full-stretch avia-bg-style-scroll av-section-color-overlay-active av-minimum-height av-minimum-height-50 av-height-50  container_wrap fullsize'  data-section-bg-repeat='stretch' data-av_minimum_height_pc='50' data-av_min_height_opt='50'><div class=\"av-section-color-overlay-wrap\"><div class=\"av-section-color-overlay\"><\/div><div class='container av-section-cont-open' ><main  role=\"main\" itemprop=\"mainContentOfPage\"  class='template-page content  av-content-full alpha units'><div class='post-entry post-entry-type-page post-entry-5605'><div class='entry-content-wrapper clearfix'>\n<div class='flex_column_table av-1b8qgz-86f1c3607a65d6722d6d6a221a5ced2a sc-av_one_full av-equal-height-column-flextable'>\n<style type=\"text\/css\" data-created_by=\"avia_inline_auto\" id=\"style-css-av-1b8qgz-86f1c3607a65d6722d6d6a221a5ced2a\">\n.flex_column.av-1b8qgz-86f1c3607a65d6722d6d6a221a5ced2a{\nborder-radius:0px 0px 0px 0px;\npadding:0px 0px 0px 0px;\n}\n<\/style>\n<div  class='flex_column av-1b8qgz-86f1c3607a65d6722d6d6a221a5ced2a av_one_full  avia-builder-el-1  avia-builder-el-no-sibling  first flex_column_table_cell av-equal-height-column av-align-middle av-zero-column-padding  '     ><style type=\"text\/css\" data-created_by=\"avia_inline_auto\" id=\"style-css-av-lwko5srd-8e0b38ff40b428db673dc8ebe71fdabf\">\n#top .av-special-heading.av-lwko5srd-8e0b38ff40b428db673dc8ebe71fdabf{\npadding-bottom:10px;\ncolor:#ffffff;\n}\nbody .av-special-heading.av-lwko5srd-8e0b38ff40b428db673dc8ebe71fdabf .av-special-heading-tag .heading-char{\nfont-size:25px;\n}\n.av-special-heading.av-lwko5srd-8e0b38ff40b428db673dc8ebe71fdabf .special-heading-inner-border{\nborder-color:#ffffff;\n}\n.av-special-heading.av-lwko5srd-8e0b38ff40b428db673dc8ebe71fdabf .av-subheading{\nfont-size:15px;\n}\n<\/style>\n<div  class='av-special-heading av-lwko5srd-8e0b38ff40b428db673dc8ebe71fdabf av-special-heading-h1 custom-color-heading blockquote modern-quote modern-centered  avia-builder-el-2  avia-builder-el-no-sibling '><h1 class='av-special-heading-tag '  itemprop=\"headline\"  >Politique de confidentialit\u00e9<\/h1><div class=\"special-heading-border\"><div class=\"special-heading-inner-border\"><\/div><\/div><\/div><\/div><\/div><!--close column table wrapper. Autoclose: 1 --><\/div><\/div><\/main><!-- close content main element --><\/div><\/div><\/div>\n<style type=\"text\/css\" data-created_by=\"avia_inline_auto\" id=\"style-css-av-yc1az-a0a02ef34dae37886596d612aa23d662\">\n.avia-section.av-yc1az-a0a02ef34dae37886596d612aa23d662{\nbackground-color:#ffffff;\nbackground-image:unset;\n}\n<\/style>\n<div id='story-and-values'  class='avia-section av-yc1az-a0a02ef34dae37886596d612aa23d662 main_color avia-section-huge avia-no-shadow  avia-builder-el-3  el_after_av_section  el_before_av_layout_row  avia-bg-style-scroll container_wrap fullsize'  ><div class='container av-section-cont-open' ><div class='template-page content  av-content-full alpha units'><div class='post-entry post-entry-type-page post-entry-5605'><div class='entry-content-wrapper clearfix'>\n\n<style type=\"text\/css\" data-created_by=\"avia_inline_auto\" id=\"style-css-av-swrzf-c7a71bf456c37c2c3dd1e4571821c421\">\n.flex_column.av-swrzf-c7a71bf456c37c2c3dd1e4571821c421{\nborder-radius:0px 0px 0px 0px;\npadding:0px 0px 0px 0px;\n}\n<\/style>\n<div  class='flex_column av-swrzf-c7a71bf456c37c2c3dd1e4571821c421 av_one_full  avia-builder-el-4  avia-builder-el-no-sibling  first flex_column_div av-zero-column-padding  '     ><section  class='av_textblock_section av-21z77-b4f5838986a6ef5f29e1995e810cf8ee '   itemscope=\"itemscope\" itemtype=\"https:\/\/schema.org\/CreativeWork\" ><div class='avia_textblock'  itemprop=\"text\" ><h3>D\u00e9claration de confidentialit\u00e9<\/h3>\n<p>L\u2019objectif de la d\u00e9claration de confidentialit\u00e9 de Kaymar est de communiquer comment ce site Web recueille, prot\u00e8ge et utilise les informations personnelles que vous d\u00e9cidez de nous donner. Nous respectons et prot\u00e9geons toutes les informations personnelles que vous confiez \u00e0 Kaymar Rehabilitation.<\/p>\n<h3>Comment nous utilisons les informations<\/h3>\n<p>Selon le formulaire que vous avez soumis, nous utilisons ces renseignements pour effectuer une \u00ab action \u00bb en votre nom. Nous n\u2019utilisons pas vos informations personnelles \u00e0 d\u2019autres fins que celles pr\u00e9vues.<\/p>\n<h3>Informations passives que nous recueillons<\/h3>\n<p>Notre site recueille des informations non personnelles. Des exemples d\u2019informations non personnelles comprennent l\u2019adresse IP, le type de navigateur, le syst\u00e8me d\u2019exploitation, la date et l\u2019heure de la visite, les pages visit\u00e9es et le site que vous avez visit\u00e9 avant de visiter notre site. Les informations passives que nous collectons ne vous concernent pas personnellement.<\/p>\n<h3>Comment nous utilisons les informations passives collect\u00e9es<\/h3>\n<p>Nous utilisons ces informations pour g\u00e9n\u00e9rer des statistiques sur notre site telles que le nombre de visiteurs que nous recevons.<\/p>\n<h3>Liens de tiers<\/h3>\n<p>Nous croyons qu\u2019il est utile de fournir des liens vers des ressources suppl\u00e9mentaires de notre site Web pour votre convenance. Ce faisant, Kaymar Rehabilitation n\u2019est pas responsable des politiques de confidentialit\u00e9, des pratiques ou du contenu des sites Web de tiers.<\/p>\n<h3>Opportunit\u00e9s de carri\u00e8re<\/h3>\n<p>Tout renseignement personnel envoy\u00e9 \u00e0 recruiting@Kaymar.ca sous la forme d\u2019un r\u00e9sum\u00e9 ou d\u2019une demande d\u2019emploi est consid\u00e9r\u00e9 comme une information personnelle. La pr\u00e9sentation de votre r\u00e9sum\u00e9 se fait en sachant que notre service des ressources humaines l\u2019examinera et qu\u2019il sera \u00e0 sa discr\u00e9tion de le remettre au gestionnaire d\u2019embauche et au chef de service du gestionnaire d\u2019embauche. Le r\u00e9sum\u00e9, ou toute autre information personnelle, ne sera pas remis \u00e0 un tiers.<\/p>\n<h3>Les enfants et leur vie priv\u00e9e<\/h3>\n<p>Kaymar Rehabilitation ne commercialise pas ses services aux enfants; par cons\u00e9quent, notre entreprise ne sollicite pas sciemment les enfants de moins de 13 ans pour visiter notre site Web.<\/p>\n<p>Modifications apport\u00e9es \u00e0 la d\u00e9claration de confidentialit\u00e9<\/p>\n<p>Kaymar Rehabilitation se r\u00e9serve le droit d\u2019examiner et de mettre \u00e0 jour sa d\u00e9claration de confidentialit\u00e9 de temps \u00e0 autre.<\/p>\n<h3>Information g\u00e9n\u00e9rale<\/h3>\n<p>Si vous avez des questions au sujet de la d\u00e9claration de confidentialit\u00e9 de Kaymar Rehabilitation, veuillez nous contacter au 613-542-8739.<\/p>\n<\/div><\/section><\/div><\/div><\/div><\/div><!-- close content main div --><\/div><\/div><div id='av-layout-grid-1'  class='av-layout-grid-container av-gjy3f-13de8a642023e4bff348985bcd9d171c entry-content-wrapper footer_color av-flex-cells  avia-builder-el-6  el_after_av_section  avia-builder-el-last  grid-row-not-first  container_wrap fullsize'  >\n\n<style type=\"text\/css\" data-created_by=\"avia_inline_auto\" id=\"style-css-av-aazbv-4464e7134602c43ba4822242cc744f81\">\n.flex_cell.av-aazbv-4464e7134602c43ba4822242cc744f81{\nvertical-align:top;\nheight:10px;\nmin-height:10px;\n}\n.responsive #top #wrap_all .flex_cell.av-aazbv-4464e7134602c43ba4822242cc744f81{\npadding:0px 0px 0px 0px !important;\n}\n<\/style>\n<div class='flex_cell av-aazbv-4464e7134602c43ba4822242cc744f81 av-gridrow-cell av_one_full no_margin  avia-builder-el-7  avia-builder-el-no-sibling  content-align-top av-zero-padding'  ><div class='flex_cell_inner'><\/div><\/div>\n<\/div><\/p>\n","protected":false},"excerpt":{"rendered":"","protected":false},"author":1,"featured_media":0,"parent":0,"menu_order":21,"comment_status":"closed","ping_status":"closed","template":"","meta":{"footnotes":""},"class_list":["post-5605","page","type-page","status-publish","hentry"],"yoast_head":"<!-- This site is optimized with the Yoast SEO plugin v26.0 - https:\/\/yoast.com\/wordpress\/plugins\/seo\/ -->\n<title>Privacy Policy - Kaymar Rehabilitation<\/title>\n<meta name=\"robots\" content=\"index, follow, max-snippet:-1, max-image-preview:large, max-video-preview:-1\" \/>\n<link rel=\"canonical\" href=\"https:\/\/kaymar.ca\/privacy-policy\/\" \/>\n<meta property=\"og:locale\" content=\"fr_FR\" \/>\n<meta property=\"og:type\" content=\"article\" \/>\n<meta property=\"og:title\" content=\"Privacy Policy - Kaymar Rehabilitation\" \/>\n<meta property=\"og:url\" content=\"https:\/\/kaymar.ca\/privacy-policy\/\" \/>\n<meta property=\"og:site_name\" content=\"Kaymar Rehabilitation\" \/>\n<meta property=\"article:modified_time\" content=\"2024-05-24T12:41:05+00:00\" \/>\n<meta name=\"twitter:card\" content=\"summary_large_image\" \/>\n<meta name=\"twitter:label1\" content=\"Dur\u00e9e de lecture estim\u00e9e\" \/>\n\t<meta name=\"twitter:data1\" content=\"5 minutes\" \/>\n<script type=\"application\/ld+json\" class=\"yoast-schema-graph\">{\"@context\":\"https:\/\/schema.org\",\"@graph\":[{\"@type\":\"WebPage\",\"@id\":\"https:\/\/kaymar.ca\/privacy-policy\/\",\"url\":\"https:\/\/kaymar.ca\/privacy-policy\/\",\"name\":\"Privacy Policy - Kaymar Rehabilitation\",\"isPartOf\":{\"@id\":\"https:\/\/kaymar.ca\/#website\"},\"datePublished\":\"2017-12-14T16:56:13+00:00\",\"dateModified\":\"2024-05-24T12:41:05+00:00\",\"breadcrumb\":{\"@id\":\"https:\/\/kaymar.ca\/privacy-policy\/#breadcrumb\"},\"inLanguage\":\"fr-FR\",\"potentialAction\":[{\"@type\":\"ReadAction\",\"target\":[\"https:\/\/kaymar.ca\/privacy-policy\/\"]}]},{\"@type\":\"BreadcrumbList\",\"@id\":\"https:\/\/kaymar.ca\/privacy-policy\/#breadcrumb\",\"itemListElement\":[{\"@type\":\"ListItem\",\"position\":1,\"name\":\"Home\",\"item\":\"https:\/\/kaymar.ca\/fr\/\"},{\"@type\":\"ListItem\",\"position\":2,\"name\":\"Privacy Policy\"}]},{\"@type\":\"WebSite\",\"@id\":\"https:\/\/kaymar.ca\/#website\",\"url\":\"https:\/\/kaymar.ca\/\",\"name\":\"Kaymar Rehabilitation\",\"description\":\"Serving the greater Kingston area\",\"potentialAction\":[{\"@type\":\"SearchAction\",\"target\":{\"@type\":\"EntryPoint\",\"urlTemplate\":\"https:\/\/kaymar.ca\/?s={search_term_string}\"},\"query-input\":{\"@type\":\"PropertyValueSpecification\",\"valueRequired\":true,\"valueName\":\"search_term_string\"}}],\"inLanguage\":\"fr-FR\"}]}<\/script>\n<!-- \/ Yoast SEO plugin. -->","yoast_head_json":{"title":"Privacy Policy - Kaymar Rehabilitation","robots":{"index":"index","follow":"follow","max-snippet":"max-snippet:-1","max-image-preview":"max-image-preview:large","max-video-preview":"max-video-preview:-1"},"canonical":"https:\/\/kaymar.ca\/privacy-policy\/","og_locale":"fr_FR","og_type":"article","og_title":"Privacy Policy - Kaymar Rehabilitation","og_url":"https:\/\/kaymar.ca\/privacy-policy\/","og_site_name":"Kaymar Rehabilitation","article_modified_time":"2024-05-24T12:41:05+00:00","twitter_card":"summary_large_image","twitter_misc":{"Dur\u00e9e de lecture estim\u00e9e":"5 minutes"},"schema":{"@context":"https:\/\/schema.org","@graph":[{"@type":"WebPage","@id":"https:\/\/kaymar.ca\/privacy-policy\/","url":"https:\/\/kaymar.ca\/privacy-policy\/","name":"Privacy Policy - Kaymar Rehabilitation","isPartOf":{"@id":"https:\/\/kaymar.ca\/#website"},"datePublished":"2017-12-14T16:56:13+00:00","dateModified":"2024-05-24T12:41:05+00:00","breadcrumb":{"@id":"https:\/\/kaymar.ca\/privacy-policy\/#breadcrumb"},"inLanguage":"fr-FR","potentialAction":[{"@type":"ReadAction","target":["https:\/\/kaymar.ca\/privacy-policy\/"]}]},{"@type":"BreadcrumbList","@id":"https:\/\/kaymar.ca\/privacy-policy\/#breadcrumb","itemListElement":[{"@type":"ListItem","position":1,"name":"Home","item":"https:\/\/kaymar.ca\/fr\/"},{"@type":"ListItem","position":2,"name":"Privacy Policy"}]},{"@type":"WebSite","@id":"https:\/\/kaymar.ca\/#website","url":"https:\/\/kaymar.ca\/","name":"Kaymar Rehabilitation","description":"Serving the greater Kingston area","potentialAction":[{"@type":"SearchAction","target":{"@type":"EntryPoint","urlTemplate":"https:\/\/kaymar.ca\/?s={search_term_string}"},"query-input":{"@type":"PropertyValueSpecification","valueRequired":true,"valueName":"search_term_string"}}],"inLanguage":"fr-FR"}]}},"_links":{"self":[{"href":"https:\/\/kaymar.ca\/fr\/wp-json\/wp\/v2\/pages\/5605","targetHints":{"allow":["GET"]}}],"collection":[{"href":"https:\/\/kaymar.ca\/fr\/wp-json\/wp\/v2\/pages"}],"about":[{"href":"https:\/\/kaymar.ca\/fr\/wp-json\/wp\/v2\/types\/page"}],"author":[{"embeddable":true,"href":"https:\/\/kaymar.ca\/fr\/wp-json\/wp\/v2\/users\/1"}],"replies":[{"embeddable":true,"href":"https:\/\/kaymar.ca\/fr\/wp-json\/wp\/v2\/comments?post=5605"}],"version-history":[{"count":0,"href":"https:\/\/kaymar.ca\/fr\/wp-json\/wp\/v2\/pages\/5605\/revisions"}],"wp:attachment":[{"href":"https:\/\/kaymar.ca\/fr\/wp-json\/wp\/v2\/media?parent=5605"}],"curies":[{"name":"wp","href":"https:\/\/api.w.org\/{rel}","templated":true}]}}