{"id":5609,"date":"2017-12-05T19:03:09","date_gmt":"2017-12-05T19:03:09","guid":{"rendered":"http:\/\/kaymar.ca\/careers\/"},"modified":"2024-06-12T12:48:44","modified_gmt":"2024-06-12T12:48:44","slug":"careers","status":"publish","type":"page","link":"https:\/\/kaymar.ca\/fr\/careers\/","title":{"rendered":"Carri\u00e8res"},"content":{"rendered":"\n<style type=\"text\/css\" data-created_by=\"avia_inline_auto\" id=\"style-css-av-7dx795-743306e706f4d111d8c0c74f2f0d333a\">\n.avia-section.av-7dx795-743306e706f4d111d8c0c74f2f0d333a{\nbackground-repeat:no-repeat;\nbackground-image:url(https:\/\/kaymar.ca\/wp-content\/uploads\/2017\/12\/stock-photo-close-up-of-young-nurse-holding-her-older-patient-s-hand-593964854-1030x317.jpg);\nbackground-position:0% 50%;\nbackground-attachment:scroll;\n}\n.avia-section.av-7dx795-743306e706f4d111d8c0c74f2f0d333a .av-section-color-overlay{\nopacity:0.8;\nbackground-color:#8296ca;\nbackground-image:url(https:\/\/kaymar.ca\/wp-content\/themes\/enfold\/images\/background-images\/diagonal-thin-light.png);\nbackground-repeat:repeat;\n}\n<\/style>\n<div id='av_section_1'  class='avia-section av-7dx795-743306e706f4d111d8c0c74f2f0d333a main_color avia-section-default avia-no-border-styling  avia-builder-el-0  el_before_av_section  avia-builder-el-first  avia-full-stretch avia-bg-style-scroll av-section-color-overlay-active av-minimum-height av-minimum-height-50 av-height-50  container_wrap fullsize'  data-section-bg-repeat='stretch' data-av_minimum_height_pc='50' data-av_min_height_opt='50'><div class=\"av-section-color-overlay-wrap\"><div class=\"av-section-color-overlay\"><\/div><div class='container av-section-cont-open' ><main  role=\"main\" itemprop=\"mainContentOfPage\"  class='template-page content  av-content-full alpha units'><div class='post-entry post-entry-type-page post-entry-5609'><div class='entry-content-wrapper clearfix'>\n<div class='flex_column_table av-75ue49-833ca406b9a6a63e040440ef8f2c5067 sc-av_one_full av-equal-height-column-flextable'>\n<style type=\"text\/css\" data-created_by=\"avia_inline_auto\" id=\"style-css-av-75ue49-833ca406b9a6a63e040440ef8f2c5067\">\n.flex_column.av-75ue49-833ca406b9a6a63e040440ef8f2c5067{\nborder-radius:0px 0px 0px 0px;\npadding:0px 0px 0px 0px;\n}\n<\/style>\n<div  class='flex_column av-75ue49-833ca406b9a6a63e040440ef8f2c5067 av_one_full  avia-builder-el-1  avia-builder-el-no-sibling  first flex_column_table_cell av-equal-height-column av-align-middle av-zero-column-padding  '     ><style type=\"text\/css\" data-created_by=\"avia_inline_auto\" id=\"style-css-av-lwkohvm3-d0fc34acf1cb38e9504ec0df67227798\">\n#top .av-special-heading.av-lwkohvm3-d0fc34acf1cb38e9504ec0df67227798{\npadding-bottom:10px;\ncolor:#ffffff;\n}\nbody .av-special-heading.av-lwkohvm3-d0fc34acf1cb38e9504ec0df67227798 .av-special-heading-tag .heading-char{\nfont-size:25px;\n}\n.av-special-heading.av-lwkohvm3-d0fc34acf1cb38e9504ec0df67227798 .special-heading-inner-border{\nborder-color:#ffffff;\n}\n.av-special-heading.av-lwkohvm3-d0fc34acf1cb38e9504ec0df67227798 .av-subheading{\nfont-size:15px;\n}\n<\/style>\n<div  class='av-special-heading av-lwkohvm3-d0fc34acf1cb38e9504ec0df67227798 av-special-heading-h1 custom-color-heading blockquote modern-quote modern-centered  avia-builder-el-2  avia-builder-el-no-sibling '><h1 class='av-special-heading-tag '  itemprop=\"headline\"  >Carri\u00e8res chez Kaymar<\/h1><div class=\"special-heading-border\"><div class=\"special-heading-inner-border\"><\/div><\/div><\/div><\/div><\/div><!--close column table wrapper. Autoclose: 1 -->\n\n<\/div><\/div><\/main><!-- close content main element --><\/div><\/div><\/div>\n<style type=\"text\/css\" data-created_by=\"avia_inline_auto\" id=\"style-css-av-675dm1-87f1ea076051ae2902d00e54fb5c1083\">\n.avia-section.av-675dm1-87f1ea076051ae2902d00e54fb5c1083{\nbackground-color:#ffffff;\nbackground-image:unset;\n}\n<\/style>\n<div id='overview'  class='avia-section av-675dm1-87f1ea076051ae2902d00e54fb5c1083 main_color avia-section-huge avia-no-shadow  avia-builder-el-3  el_after_av_section  el_before_av_section  avia-bg-style-scroll container_wrap fullsize'  ><div class='container av-section-cont-open' ><div class='template-page content  av-content-full alpha units'><div class='post-entry post-entry-type-page post-entry-5609'><div class='entry-content-wrapper clearfix'>\n\n<style type=\"text\/css\" data-created_by=\"avia_inline_auto\" id=\"style-css-av-5z6d1t-415e14adaf906b2333df5e9cd21fd0aa\">\n.flex_column.av-5z6d1t-415e14adaf906b2333df5e9cd21fd0aa{\nborder-radius:0px 0px 0px 0px;\npadding:0px 0px 0px 0px;\n}\n<\/style>\n<div  class='flex_column av-5z6d1t-415e14adaf906b2333df5e9cd21fd0aa av_one_full  avia-builder-el-4  el_before_av_one_third  avia-builder-el-first  first flex_column_div av-zero-column-padding  '     ><section  class='av_textblock_section av-5tkuf5-90471959bad06a34e84485891a0b2432 '   itemscope=\"itemscope\" itemtype=\"https:\/\/schema.org\/CreativeWork\" ><div class='avia_textblock'  itemprop=\"text\" ><h2>APER\u00c7U \u2026<\/h2>\n<p>Nous invitons les professionnels de la sant\u00e9 de haut calibre \u00e0 se joindre \u00e0 notre grande \u00e9quipe dynamique d\u2019ergoth\u00e9rapeutes, d\u2019assistants en ergoth\u00e9rapie, de physioth\u00e9rapeutes, d\u2019assistants en physioth\u00e9rapie, d\u2019orthophonistes, de di\u00e9t\u00e9ticiens(ennes) et de travailleurs sociaux. Les cliniciens de Kaymar travaillent en partenariat avec les patients et leurs familles pour adapter un programme de th\u00e9rapie sp\u00e9cifique \u00e0 leurs besoins. Il y a des possibilit\u00e9s d\u2019offrir une th\u00e9rapie \u00e0 la maison et \u00e0 l\u2019\u00e9cole. Bien que bas\u00e9e \u00e0 Kingston, Kaymar dessert les patients de Kingston et des environs.<\/p>\n<\/div><\/section><\/div>\n<style type=\"text\/css\" data-created_by=\"avia_inline_auto\" id=\"style-css-av-5iysk9-8e67f72000a84ba170542f5d5e8f60df\">\n.flex_column.av-5iysk9-8e67f72000a84ba170542f5d5e8f60df{\nborder-radius:0px 0px 0px 0px;\npadding:0px 0px 0px 0px;\n}\n<\/style>\n<div  class='flex_column av-5iysk9-8e67f72000a84ba170542f5d5e8f60df av_one_third  avia-builder-el-6  el_after_av_one_full  el_before_av_two_third  first flex_column_div av-zero-column-padding  column-top-margin'     ><section  class='av_textblock_section av-j8kbl-971ea6feac768286b42ebf985578a441 '   itemscope=\"itemscope\" itemtype=\"https:\/\/schema.org\/CreativeWork\" ><div class='avia_textblock'  itemprop=\"text\" ><blockquote>\n<p><strong>Kaymar s\u2019engage :<\/strong><\/p>\n<ul>\n<li>\u00c0 des soins ax\u00e9s sur le patient<\/li>\n<li>\u00c0 une approche multidisciplinaire<\/li>\n<li>\u00c0 une Innovation, une vision et une s\u00e9curit\u00e9<\/li>\n<li>\u00c0 l\u2019am\u00e9lioration de la qualit\u00e9<\/li>\n<\/ul>\n<\/blockquote>\n<\/div><\/section><\/div>\n<style type=\"text\/css\" data-created_by=\"avia_inline_auto\" id=\"style-css-av-56o4lt-1c898945a3e51d40a7fe5db0af47eb6a\">\n.flex_column.av-56o4lt-1c898945a3e51d40a7fe5db0af47eb6a{\nborder-radius:0px 0px 0px 0px;\npadding:0px 0px 0px 0px;\n}\n<\/style>\n<div  class='flex_column av-56o4lt-1c898945a3e51d40a7fe5db0af47eb6a av_two_third  avia-builder-el-8  el_after_av_one_third  avia-builder-el-last  flex_column_div av-zero-column-padding  column-top-margin'     ><section  class='av_textblock_section av-52x2q1-7b9c1bbad0a5418d0d249a6e9d123f66 '   itemscope=\"itemscope\" itemtype=\"https:\/\/schema.org\/CreativeWork\" ><div class='avia_textblock'  itemprop=\"text\" ><p>Notre \u00e9quipe clinique est soutenue par un groupe de personnel de gestion et d\u2019administration de bureau d\u00e9di\u00e9.<\/p>\n<p>En plus de la r\u00e9mun\u00e9ration concurrentielle, du perfectionnement professionnel, des ressources, du soutien par les pairs et de la formation continue, nous croyons \u00e9galement qu\u2019il faut offrir des possibilit\u00e9s professionnelles flexibles qui favorisent l\u2019\u00e9quilibre entre le travail et la vie personnelle.<\/p>\n<p>Si vous souhaitez vous joindre \u00e0 notre \u00e9quipe, veuillez consulter nos opportunit\u00e9s actuelles.<\/p>\n<\/div><\/section><\/div>\n\n<\/div><\/div><\/div><!-- close content main div --><\/div><\/div><div id='current'  class='avia-section av-4vtvzt-1d578a1de1f26634e1629c2e5c8d089d main_color avia-section-huge avia-no-shadow  avia-builder-el-10  el_after_av_section  el_before_av_layout_row  av-desktop-hide av-medium-hide av-small-hide av-mini-hide avia-bg-style-scroll container_wrap fullsize'  ><div class='container av-section-cont-open' ><div class='template-page content  av-content-full alpha units'><div class='post-entry post-entry-type-page post-entry-5609'><div class='entry-content-wrapper clearfix'>\n<section  class='av_textblock_section av-4qulip-dc8a1317fcdcf96863889888c54f9fb0 '   itemscope=\"itemscope\" itemtype=\"https:\/\/schema.org\/CreativeWork\" ><div class='avia_textblock'  itemprop=\"text\" ><h2 style=\"text-align: center;\">CURRENT OPPORTUNITIES<\/h2>\n<\/div><\/section>\n<div  class='hr av-929ld-5d095280da904ff0f6b1f3f0f0e00820 hr-default  avia-builder-el-12  el_after_av_textblock  el_before_av_hr '><span class='hr-inner '><span class=\"hr-inner-style\"><\/span><\/span><\/div>\n\n<style type=\"text\/css\" data-created_by=\"avia_inline_auto\" id=\"style-css-av-4lbmpl-c63b433a009f8e37d761282f42172ed8\">\n#top .hr.av-4lbmpl-c63b433a009f8e37d761282f42172ed8{\nmargin-top:10px;\nmargin-bottom:30px;\n}\n.hr.av-4lbmpl-c63b433a009f8e37d761282f42172ed8 .hr-inner{\nwidth:50px;\nborder-color:#c4c4c4;\n}\n<\/style>\n<div  class='hr av-4lbmpl-c63b433a009f8e37d761282f42172ed8 hr-custom  avia-builder-el-13  el_after_av_hr  el_before_av_one_full  hr-center hr-icon-no'><span class='hr-inner inner-border-av-border-thin'><span class=\"hr-inner-style\"><\/span><\/span><\/div>\n<div class='flex_column_table av-2zya35-923e6b23dd85e0c749e5ab5cff085990 sc-av_one_full av-equal-height-column-flextable'>\n<style type=\"text\/css\" data-created_by=\"avia_inline_auto\" id=\"style-css-av-2zya35-923e6b23dd85e0c749e5ab5cff085990\">\n.flex_column.av-2zya35-923e6b23dd85e0c749e5ab5cff085990{\nborder-radius:0px 0px 0px 0px;\npadding:0px 0px 0px 0px;\n}\n<\/style>\n<div  class='flex_column av-2zya35-923e6b23dd85e0c749e5ab5cff085990 av_one_full  avia-builder-el-14  el_after_av_hr  avia-builder-el-last  first flex_column_table_cell av-equal-height-column av-align-top av-zero-column-padding  '     ><style type=\"text\/css\" data-created_by=\"avia_inline_auto\" id=\"style-css-av-2yrv2x-0239502ddf6c66c29902b169cd4aa7e1\">\n#top .avia-icon-list-container.av-2yrv2x-0239502ddf6c66c29902b169cd4aa7e1 .iconlist_icon{\ncolor:#8296ca;\nbackground-color:#fafafa;\nborder:1px solid #8296ca;\n}\n#top .avia-icon-list-container.av-2yrv2x-0239502ddf6c66c29902b169cd4aa7e1 .iconlist_icon svg:first-child{\nstroke:#8296ca;\nfill:#8296ca;\n}\n#top #wrap_all .avia-icon-list-container.av-2yrv2x-0239502ddf6c66c29902b169cd4aa7e1 .av_iconlist_title{\nfont-size:18px;\ncolor:#4f4f4f;\n}\n<\/style>\n<div  class='avia-icon-list-container av-2yrv2x-0239502ddf6c66c29902b169cd4aa7e1  avia-builder-el-15  avia-builder-el-no-sibling '><ul class='avia-icon-list avia_animate_when_almost_visible avia-icon-list-left av-iconlist-big av-2yrv2x-0239502ddf6c66c29902b169cd4aa7e1 avia-iconlist-animate'>\n<li><div class='iconlist_icon av-bjd5l-2334a34aa83449c1fc8141fd831c30e0 avia-font-entypo-fontello avia-iconfont avia-font-entypo-fontello'><span class='av-icon-char' data-av_icon='\ue875' data-av_iconfont='entypo-fontello' aria-hidden=\"true\"><\/span><\/div><article class=\"article-icon-entry \"  itemscope=\"itemscope\" itemtype=\"https:\/\/schema.org\/CreativeWork\" ><div class=\"iconlist_content_wrap\"><header class=\"entry-content-header\" aria-label=\"Ic\u00f4ne : Occupational Therapists\"><h4 class='av_iconlist_title iconlist_title  av_inherit_color'  itemprop=\"headline\" >Occupational Therapists<\/h4><\/header><div class='iconlist_content '  itemprop=\"text\" ><p><a href=\"http:\/\/kaymar.ca\/wp-content\/uploads\/2022\/08\/Kaymar-Job-Posting-Occupational-Therapist-.pdf\">Kaymar Job Posting Occupational Therapist<\/a><\/p>\n<\/div><\/div><footer class=\"entry-footer\"><\/footer><\/article><div class=\"iconlist-timeline\"><\/div><\/li>\n<li><a href='http:\/\/kaymar.ca\/?page_id=1936&preview=true' title='Physiotherapist'  target=\"_blank\"  rel=\"noopener noreferrer\" aria-label='Physiotherapist' class='iconlist_icon av-bi89d-08ffc3d089870ca4e14b4f7367339435 avia-font-entypo-fontello avia-iconfont avia-font-entypo-fontello'><span class='av-icon-char' data-av_icon='\ue875' data-av_iconfont='entypo-fontello' aria-hidden=\"true\"><\/span><\/a><article class=\"article-icon-entry \"  itemscope=\"itemscope\" itemtype=\"https:\/\/schema.org\/CreativeWork\" ><div class=\"iconlist_content_wrap\"><header class=\"entry-content-header\" aria-label=\"Ic\u00f4ne : Physiotherapist\"><h4 class='av_iconlist_title iconlist_title  av_inherit_color'  itemprop=\"headline\" >Physiotherapist<\/h4><\/header><div class='iconlist_content '  itemprop=\"text\" ><p><a href=\"http:\/\/kaymar.ca\/wp-content\/uploads\/2023\/01\/Kaymar-Job-Posting-Physiotherapist.pdf\">Kaymar Job Posting Physiotherapist<\/a><\/p>\n<\/div><\/div><footer class=\"entry-footer\"><\/footer><\/article><div class=\"iconlist-timeline\"><\/div><\/li>\n<li><a href='http:\/\/kaymar.ca\/?page_id=1936&preview=true' title='Registered Dietitian'  target=\"_blank\"  rel=\"noopener noreferrer\" aria-label='Registered Dietitian' class='iconlist_icon av-ber9d-c6b84f6f87dacb4dc8df0f1671686027 avia-font-entypo-fontello avia-iconfont avia-font-entypo-fontello'><span class='av-icon-char' data-av_icon='\ue875' data-av_iconfont='entypo-fontello' aria-hidden=\"true\"><\/span><\/a><article class=\"article-icon-entry \"  itemscope=\"itemscope\" itemtype=\"https:\/\/schema.org\/CreativeWork\" ><div class=\"iconlist_content_wrap\"><header class=\"entry-content-header\" aria-label=\"Ic\u00f4ne : Registered Dietitian\"><h4 class='av_iconlist_title iconlist_title  av_inherit_color'  itemprop=\"headline\" >Registered Dietitian<\/h4><\/header><div class='iconlist_content '  itemprop=\"text\" ><p><a href=\"http:\/\/kaymar.ca\/wp-content\/uploads\/2024\/01\/Kaymar-Job-Posting-Registered-Dietitian_.pdf\">Kaymar Job Posting Registered Dietitian_<\/a><\/p>\n<\/div><\/div><footer class=\"entry-footer\"><\/footer><\/article><div class=\"iconlist-timeline\"><\/div><\/li>\n<li><a href='http:\/\/kaymar.ca\/?page_id=1936&preview=true' title='Speech Language Pathologist'  target=\"_blank\"  rel=\"noopener noreferrer\" aria-label='Speech Language Pathologist' class='iconlist_icon av-adxn5-3684785b11a687092d687e9563493b2f avia-font-entypo-fontello avia-iconfont avia-font-entypo-fontello'><span class='av-icon-char' data-av_icon='\ue875' data-av_iconfont='entypo-fontello' aria-hidden=\"true\"><\/span><\/a><article class=\"article-icon-entry \"  itemscope=\"itemscope\" itemtype=\"https:\/\/schema.org\/CreativeWork\" ><div class=\"iconlist_content_wrap\"><header class=\"entry-content-header\" aria-label=\"Ic\u00f4ne : Speech Language Pathologist\"><h4 class='av_iconlist_title iconlist_title  av_inherit_color'  itemprop=\"headline\" >Speech Language Pathologist<\/h4><\/header><div class='iconlist_content '  itemprop=\"text\" ><p><a href=\"http:\/\/kaymar.ca\/wp-content\/uploads\/2024\/04\/Kaymar-job-posting-Speech-Language-Pathologist-.pdf\">Kaymar job posting Speech-Language Pathologist<\/a><\/p>\n<\/div><\/div><footer class=\"entry-footer\"><\/footer><\/article><div class=\"iconlist-timeline\"><\/div><\/li>\n<\/ul><\/div><\/div><\/div><!--close column table wrapper. Autoclose: 1 -->\n\n<\/div><\/div><\/div><!-- close content main div --><\/div><\/div><div id='av-layout-grid-1'  class='av-layout-grid-container av-evxfl-ca435d7b78baae45de73b3cd5047369a entry-content-wrapper footer_color av-flex-cells  avia-builder-el-16  el_after_av_section  avia-builder-el-last  grid-row-not-first  container_wrap fullsize'  >\n\n<style type=\"text\/css\" data-created_by=\"avia_inline_auto\" id=\"style-css-av-9r3vt-93bae1c307fde37a90f59d2d6f073309\">\n.flex_cell.av-9r3vt-93bae1c307fde37a90f59d2d6f073309{\nvertical-align:top;\nheight:10px;\nmin-height:10px;\n}\n.responsive #top #wrap_all .flex_cell.av-9r3vt-93bae1c307fde37a90f59d2d6f073309{\npadding:0px 0px 0px 0px !important;\n}\n<\/style>\n<div class='flex_cell av-9r3vt-93bae1c307fde37a90f59d2d6f073309 av-gridrow-cell av_one_full no_margin  avia-builder-el-17  avia-builder-el-no-sibling  content-align-top av-zero-padding'  ><div class='flex_cell_inner'><\/div><\/div>\n<\/div>\n","protected":false},"excerpt":{"rendered":"","protected":false},"author":1,"featured_media":0,"parent":0,"menu_order":6,"comment_status":"closed","ping_status":"closed","template":"","meta":{"footnotes":""},"class_list":["post-5609","page","type-page","status-publish","hentry"],"yoast_head":"<!-- This site is optimized with the Yoast SEO plugin v26.0 - https:\/\/yoast.com\/wordpress\/plugins\/seo\/ -->\n<title>Carri\u00e8res - Kaymar Rehabilitation<\/title>\n<meta name=\"robots\" content=\"index, follow, max-snippet:-1, max-image-preview:large, max-video-preview:-1\" \/>\n<link rel=\"canonical\" href=\"https:\/\/kaymar.ca\/fr\/careers\/\" \/>\n<meta property=\"og:locale\" content=\"fr_FR\" \/>\n<meta property=\"og:type\" content=\"article\" \/>\n<meta property=\"og:title\" content=\"Carri\u00e8res - Kaymar Rehabilitation\" \/>\n<meta property=\"og:url\" content=\"https:\/\/kaymar.ca\/fr\/careers\/\" \/>\n<meta property=\"og:site_name\" content=\"Kaymar Rehabilitation\" \/>\n<meta property=\"article:modified_time\" content=\"2024-06-12T12:48:44+00:00\" \/>\n<meta name=\"twitter:card\" content=\"summary_large_image\" \/>\n<meta name=\"twitter:label1\" content=\"Dur\u00e9e de lecture estim\u00e9e\" \/>\n\t<meta name=\"twitter:data1\" content=\"7 minutes\" \/>\n<script type=\"application\/ld+json\" class=\"yoast-schema-graph\">{\"@context\":\"https:\/\/schema.org\",\"@graph\":[{\"@type\":\"WebPage\",\"@id\":\"https:\/\/kaymar.ca\/fr\/careers\/\",\"url\":\"https:\/\/kaymar.ca\/fr\/careers\/\",\"name\":\"Carri\u00e8res - Kaymar Rehabilitation\",\"isPartOf\":{\"@id\":\"https:\/\/kaymar.ca\/#website\"},\"datePublished\":\"2017-12-05T19:03:09+00:00\",\"dateModified\":\"2024-06-12T12:48:44+00:00\",\"breadcrumb\":{\"@id\":\"https:\/\/kaymar.ca\/fr\/careers\/#breadcrumb\"},\"inLanguage\":\"fr-FR\",\"potentialAction\":[{\"@type\":\"ReadAction\",\"target\":[\"https:\/\/kaymar.ca\/fr\/careers\/\"]}]},{\"@type\":\"BreadcrumbList\",\"@id\":\"https:\/\/kaymar.ca\/fr\/careers\/#breadcrumb\",\"itemListElement\":[{\"@type\":\"ListItem\",\"position\":1,\"name\":\"Home\",\"item\":\"https:\/\/kaymar.ca\/fr\/\"},{\"@type\":\"ListItem\",\"position\":2,\"name\":\"Carri\u00e8res\"}]},{\"@type\":\"WebSite\",\"@id\":\"https:\/\/kaymar.ca\/#website\",\"url\":\"https:\/\/kaymar.ca\/\",\"name\":\"Kaymar Rehabilitation\",\"description\":\"Serving the greater Kingston area\",\"potentialAction\":[{\"@type\":\"SearchAction\",\"target\":{\"@type\":\"EntryPoint\",\"urlTemplate\":\"https:\/\/kaymar.ca\/?s={search_term_string}\"},\"query-input\":{\"@type\":\"PropertyValueSpecification\",\"valueRequired\":true,\"valueName\":\"search_term_string\"}}],\"inLanguage\":\"fr-FR\"}]}<\/script>\n<!-- \/ Yoast SEO plugin. -->","yoast_head_json":{"title":"Carri\u00e8res - Kaymar Rehabilitation","robots":{"index":"index","follow":"follow","max-snippet":"max-snippet:-1","max-image-preview":"max-image-preview:large","max-video-preview":"max-video-preview:-1"},"canonical":"https:\/\/kaymar.ca\/fr\/careers\/","og_locale":"fr_FR","og_type":"article","og_title":"Carri\u00e8res - Kaymar Rehabilitation","og_url":"https:\/\/kaymar.ca\/fr\/careers\/","og_site_name":"Kaymar Rehabilitation","article_modified_time":"2024-06-12T12:48:44+00:00","twitter_card":"summary_large_image","twitter_misc":{"Dur\u00e9e de lecture estim\u00e9e":"7 minutes"},"schema":{"@context":"https:\/\/schema.org","@graph":[{"@type":"WebPage","@id":"https:\/\/kaymar.ca\/fr\/careers\/","url":"https:\/\/kaymar.ca\/fr\/careers\/","name":"Carri\u00e8res - Kaymar Rehabilitation","isPartOf":{"@id":"https:\/\/kaymar.ca\/#website"},"datePublished":"2017-12-05T19:03:09+00:00","dateModified":"2024-06-12T12:48:44+00:00","breadcrumb":{"@id":"https:\/\/kaymar.ca\/fr\/careers\/#breadcrumb"},"inLanguage":"fr-FR","potentialAction":[{"@type":"ReadAction","target":["https:\/\/kaymar.ca\/fr\/careers\/"]}]},{"@type":"BreadcrumbList","@id":"https:\/\/kaymar.ca\/fr\/careers\/#breadcrumb","itemListElement":[{"@type":"ListItem","position":1,"name":"Home","item":"https:\/\/kaymar.ca\/fr\/"},{"@type":"ListItem","position":2,"name":"Carri\u00e8res"}]},{"@type":"WebSite","@id":"https:\/\/kaymar.ca\/#website","url":"https:\/\/kaymar.ca\/","name":"Kaymar Rehabilitation","description":"Serving the greater Kingston area","potentialAction":[{"@type":"SearchAction","target":{"@type":"EntryPoint","urlTemplate":"https:\/\/kaymar.ca\/?s={search_term_string}"},"query-input":{"@type":"PropertyValueSpecification","valueRequired":true,"valueName":"search_term_string"}}],"inLanguage":"fr-FR"}]}},"_links":{"self":[{"href":"https:\/\/kaymar.ca\/fr\/wp-json\/wp\/v2\/pages\/5609","targetHints":{"allow":["GET"]}}],"collection":[{"href":"https:\/\/kaymar.ca\/fr\/wp-json\/wp\/v2\/pages"}],"about":[{"href":"https:\/\/kaymar.ca\/fr\/wp-json\/wp\/v2\/types\/page"}],"author":[{"embeddable":true,"href":"https:\/\/kaymar.ca\/fr\/wp-json\/wp\/v2\/users\/1"}],"replies":[{"embeddable":true,"href":"https:\/\/kaymar.ca\/fr\/wp-json\/wp\/v2\/comments?post=5609"}],"version-history":[{"count":0,"href":"https:\/\/kaymar.ca\/fr\/wp-json\/wp\/v2\/pages\/5609\/revisions"}],"wp:attachment":[{"href":"https:\/\/kaymar.ca\/fr\/wp-json\/wp\/v2\/media?parent=5609"}],"curies":[{"name":"wp","href":"https:\/\/api.w.org\/{rel}","templated":true}]}}